{"id":5552,"date":"2024-11-27T12:52:43","date_gmt":"2024-11-27T11:52:43","guid":{"rendered":"http:\/\/lo3msz.czest.pl\/lo3_v6a\/?page_id=5552"},"modified":"2024-11-27T12:54:37","modified_gmt":"2024-11-27T11:54:37","slug":"inspektor-ochrony-danych","status":"publish","type":"page","link":"http:\/\/lo3msz.czest.pl\/lo3_v6a\/index.php\/inspektor-ochrony-danych\/","title":{"rendered":"Inspektor Ochrony Danych"},"content":{"rendered":"<p>W  sprawach  zwi\u0105zanych  z  przetwarzaniem  danych osobowych przez  Administratora danych mo\u017cna kontaktowa\u0107 si\u0119 z:<br \/>\nwyznaczonym Inspektorem Ochrony Danych w Zespole Szk\u00f3\u0142 im. dr. W\u0142adys\u0142awa Biega\u0144skiego w Cz\u0119stochowie \u2013 Pani\u0105 Edyt\u0105 Bajor lub Zast\u0119pc\u0105 Inspektora Ochrony Danych \u2013 Pani\u0105 Justyn\u0105 Sprycha:<br \/>\na. za po\u015brednictwem poczty elektronicznej: iod.bfo@edukacja.czestochowa.pl<br \/>\nb. telefonicznie pod numerem 34 370 63 14.<\/p>\n","protected":false},"excerpt":{"rendered":"<p>W sprawach zwi\u0105zanych z przetwarzaniem danych osobowych przez Administratora danych mo\u017cna kontaktowa\u0107 si\u0119 z: wyznaczonym Inspektorem Ochrony Danych w Zespole Szk\u00f3\u0142 im. dr. W\u0142adys\u0142awa Biega\u0144skiego w Cz\u0119stochowie \u2013 Pani\u0105 Edyt\u0105 Bajor lub Zast\u0119pc\u0105 Inspektora Ochrony Danych \u2013 Pani\u0105 Justyn\u0105 Sprycha: a. za po\u015brednictwem poczty elektronicznej: iod.bfo@edukacja.czestochowa.pl b. telefonicznie pod numerem 34 370 63 14.<\/p>\n","protected":false},"author":2,"featured_media":0,"parent":0,"menu_order":0,"comment_status":"closed","ping_status":"closed","template":"","meta":{"footnotes":"","_links_to":"","_links_to_target":""},"_links":{"self":[{"href":"http:\/\/lo3msz.czest.pl\/lo3_v6a\/index.php\/wp-json\/wp\/v2\/pages\/5552"}],"collection":[{"href":"http:\/\/lo3msz.czest.pl\/lo3_v6a\/index.php\/wp-json\/wp\/v2\/pages"}],"about":[{"href":"http:\/\/lo3msz.czest.pl\/lo3_v6a\/index.php\/wp-json\/wp\/v2\/types\/page"}],"author":[{"embeddable":true,"href":"http:\/\/lo3msz.czest.pl\/lo3_v6a\/index.php\/wp-json\/wp\/v2\/users\/2"}],"replies":[{"embeddable":true,"href":"http:\/\/lo3msz.czest.pl\/lo3_v6a\/index.php\/wp-json\/wp\/v2\/comments?post=5552"}],"version-history":[{"count":4,"href":"http:\/\/lo3msz.czest.pl\/lo3_v6a\/index.php\/wp-json\/wp\/v2\/pages\/5552\/revisions"}],"predecessor-version":[{"id":5559,"href":"http:\/\/lo3msz.czest.pl\/lo3_v6a\/index.php\/wp-json\/wp\/v2\/pages\/5552\/revisions\/5559"}],"wp:attachment":[{"href":"http:\/\/lo3msz.czest.pl\/lo3_v6a\/index.php\/wp-json\/wp\/v2\/media?parent=5552"}],"curies":[{"name":"wp","href":"https:\/\/api.w.org\/{rel}","templated":true}]}}