{"id":861,"date":"2024-11-26T13:00:38","date_gmt":"2024-11-26T12:00:38","guid":{"rendered":"http:\/\/bieganski.czest.pl\/lo3_v5\/?page_id=861"},"modified":"2025-09-18T12:46:23","modified_gmt":"2025-09-18T10:46:23","slug":"polityka-prywatnosci","status":"publish","type":"page","link":"http:\/\/lo3msz.czest.pl\/lo3_v6a\/index.php\/polityka-prywatnosci\/","title":{"rendered":"RODO"},"content":{"rendered":"<div class=\"leadArticle\">\n<h3 align=\"center\"><strong>Klauzula informacyjna o przetwarzaniu danych osobowych <\/strong><\/h3>\n<h3 align=\"center\"><strong>w III Liceum Og\u00f3lnokszta\u0142c\u0105cym im. dra W\u0142adys\u0142awa. Biega\u0144skiego<\/strong><\/h3>\n<p align=\"center\">Realizuj\u0105c wym\u00f3g Rozporz\u0105dzenia Parlamentu Europejskiego i Rady (UE) 2016\/679 z dnia 27 kwietnia 2016 r. w sprawie ochrony os\u00f3b fizycznych w zwi\u0105zku z przetwarzaniem danych osobowych i w sprawie swobodnego przep\u0142ywu takich danych oraz uchylenia dyrektywy 95\/46\/WE (og\u00f3lne rozporz\u0105dzenie o ochronie danych zwane w skr\u00f3cie \u201eRODO\u201d), poni\u017cej informujemy o zasadach przetwarzania danych osobowych:<\/p>\n<p>1.\tAdministratorem danych osobowych jest Zesp\u00f3\u0142 Szk\u00f3\u0142 im. dr. W\u0142adys\u0142awa Biega\u0144skiego w Cz\u0119stochowie.<br \/>\nZ administratorem danych mo\u017cna skontaktowa\u0107 si\u0119:<br \/>\na.\tListownie na adres: ul. D\u0105browskiego 75, 42-218 Cz\u0119stochowa,<br \/>\nb.\tTelefonicznie: 34 361 11 81,<br \/>\nc.\tpoprzez e-mail: lo3@edukacja.czestochowa.pl,<br \/>\nd.\tpoprzez Elektroniczn\u0105 Skrzynk\u0119 Podawcz\u0105 ePUAP http:\/\/epuap.gov.pl\/wps\/portal\/strefa-klienta\/katalog-spraw\/profil-urzedu\/ZSBieganski<\/p>\n<p>2. W naszej szkole gromadzimy, wykorzystujemy i archiwizujemy wiele danych osobowych. <strong>Celem ich przetwarzania jest wype\u0142nienie obowi\u0105zk\u00f3w publicznych na\u0142o\u017conych na Administratora przepisami prawa. W przypadku danych osobowych dzieci i ich rodzic\u00f3w jest to przede wszystkim realizacja zada\u0144 o\u015bwiatowych, dydaktycznych i wychowawczych, zagwarantowanie dziecku bezpiecze\u0144stwa oraz wype\u0142nianie obowi\u0105zku dotycz\u0105cego uzupe\u0142niania i prowadzenia dokumentacji przebiegu nauczania, dzia\u0142alno\u015bci wychowawczej i opieku\u0144czej<\/strong> (art. 6 ust. 1 lit. c i e RODO oraz art. 9 ust. 2 lit. g dla danych o stanie zdrowia).<br \/>\nDane mo\u017cemy przetwarza\u0107 tak\u017ce w celu ewentualnego ustalenia, dochodzenia lub obrony przed roszczeniami b\u0119d\u0105cego realizacj\u0105 prawnie uzasadnionego w tym interesu Administratora danych (art. 6 ust. 1 lit. f RODO).<br \/>\nNast\u0119pnie dane b\u0119dziemy przechowywa\u0107 w celu wype\u0142nienia obowi\u0105zku archiwizacji dokument\u00f3w wynikaj\u0105cych z ustawy z dnia 14 lipca 1983 r. o narodowym zasobie archiwalnym i archiwach.<br \/>\n3.\tPodanie danych osobowych jest obowi\u0105zkowe w sytuacji, gdy przes\u0142ank\u0119 przetwarzania danych osobowych stanowi\u0105 przepisy prawa. Odmowa ich podania uniemo\u017cliwia prawid\u0142ow\u0105 realizacj\u0119 i  wype\u0142nienie obowi\u0105zk\u00f3w prawnych na\u0142o\u017conych na Administratora danych.<br \/>\n4.\tDane osobowe mog\u0105 by\u0107 przekazane wy\u0142\u0105cznie podmiotom, kt\u00f3re uprawnione s\u0105 do ich otrzymania przepisami prawa, w szczeg\u00f3lno\u015bci: organy w\u0142adzy publicznej oraz podmioty wykonuj\u0105ce zadania publiczne lub dzia\u0142aj\u0105ce na zlecenie organ\u00f3w w\u0142adzy publicznej, w szczeg\u00f3lno\u015bci Ministerstwo Edukacji i Nauki, Ministerstwo Cyfryzacji, Kuratorium O\u015bwiaty, Okr\u0119gowa Komisja Egzaminacyjna, Zesp\u00f3\u0142 Poradni Psychologiczno-Pedagogicznych w Cz\u0119stochowie, Bursa Miejska w Cz\u0119stochowie, Wojskowa Komenda Uzupe\u0142nie\u0144, Gmina Miasto Cz\u0119stochowa, o\u015brodki pomocy spo\u0142ecznej, organy wymiaru sprawiedliwo\u015bci i \u015bcigania, kuratorzy s\u0105dowi, plac\u00f3wki opieku\u0144czo-wychowawcze, instytucje wspieraj\u0105ce rodzin\u0119 i system pieczy zast\u0119pczej.<br \/>\nDane  osobowe  mog\u0105 by\u0107 tak\u017ce udost\u0119pnione podmiotom  uprawnionym do obs\u0142ugi dor\u0119cze\u0144, podmiotom \u015bwiadcz\u0105cym us\u0142ugi dor\u0119czenia przy u\u017cyciu \u015brodk\u00f3w komunikacji elektronicznej (Epuap) oraz podmiotom  zapewniaj\u0105cym,  na  podstawie  um\u00f3w  zawartych  przez  administratora, obs\u0142ug\u0119 dzia\u0142alno\u015bci naszej szko\u0142y w zakresie \u015bwiadczenia us\u0142ug serwisowych i hostingowych dla u\u017cytkowanych system\u00f3w informatycznych m.in. firmy zapewniaj\u0105ce hosting strony internetowej, hosting kont pocztowych, Vulcan Sp. z o.o., [Uonet Plus]; Biuro Finans\u00f3w O\u015bwiaty; Microsoft Corporation w zakresie udost\u0119pnienia platformy Microsoft 365 Education; dostawcy platform edukacyjnych.<br \/>\n5.\tDane osobowe b\u0119dziemy przechowywa\u0107 przez okres niezb\u0119dny do wype\u0142nienia celu, w jakim zosta\u0142y zebrane oraz w celach archiwalnych, kt\u00f3rych wymagaj\u0105 tego przepisy ustawy z dnia 14 lipca 1983 roku o narodowym zasobie archiwalnym i archiwach oraz zgodnie z obowi\u0105zuj\u0105cym w Zespole Szk\u00f3\u0142 im. dra W. Biega\u0144skiego Jednolitym Rzeczowym Wykazem Akt (dost\u0119p do tego dokumentu mog\u0105 Pa\u0144stwo uzyska\u0107 w sekretariacie naszej szko\u0142y).<br \/>\nStandardowo dokumenty przechowywane s\u0105 od 5 do nawet 50 lat &#8211; okres przechowywania dokumentacji jest uzale\u017cniony od typu dokumentacji.<br \/>\nCzas archiwizacji <u>wybranej<\/u> dokumentacji:<br \/>\na.\tDokumentacja zwi\u0105zana z Indywidualnym programem lub tokiem nauki (wnioski i decyzje), Dzienniki lekcyjne i pozosta\u0142ych zaj\u0119\u0107, odpisy dokumentacji przebiegu nauczania i wychowania; dokumentacja zaj\u0119\u0107 pozalekcyjnych i dodatkowych b\u0119d\u0105 archiwizowane przez 5 lat;<br \/>\nb.\tKsi\u0119gi uczni\u00f3w b\u0119d\u0105 archiwizowane przez 25 lat;<br \/>\nc.\tArkusze ocen, Ewidencja dzieci i m\u0142odzie\u017cy podlegaj\u0105cych obowi\u0105zkowi szkolnemu b\u0119d\u0105 archiwizowane przez 50 lat.<br \/>\nPonad to mog\u0105 Pa\u0144stwo zapyta\u0107 naszych pracownik\u00f3w o konkretne okresy archiwizacji dokumentacji, kt\u00f3ra nie zosta\u0142a powy\u017cej wymieniona w naszej jednostce.<br \/>\n6.\tPosiadaj\u0105 Pa\u0144stwo prawo \u017c\u0105dania dost\u0119pu do swoich danych osobowych, a tak\u017ce ich sprostowania (poprawiania). Przys\u0142uguje Pa\u0144stwu, tak\u017ce prawo do \u017c\u0105dania usuni\u0119cia, ograniczenia przetwarzania, przenoszenia danych, a tak\u017ce sprzeciwu na przetwarzanie, przy czym przys\u0142uguje ono jedynie w sytuacji, je\u017celi dalsze przetwarzanie nie jest niezb\u0119dne do wywi\u0105zania si\u0119 przez Administratora z obowi\u0105zku prawnego i nie wyst\u0119puj\u0105 inne nadrz\u0119dne podstawy prawne przetwarzania.<br \/>\n7.\tMaj\u0105 Pa\u0144stwo prawo z\u0142o\u017cenia skargi na przetwarzanie swoich  danych przez Administratora do Prezesa UODO<br \/>\n8.\tJe\u017celi nie pozyskali\u015bmy Pa\u0144stwa danych bezpo\u015brednio od was ich \u017ar\u00f3d\u0142em jest w przypadku:<br \/>\na.\tprzeniesienia ucznia z innej szko\u0142y \u2013 poprzednia jednostka, do kt\u00f3rej ucz\u0119szcza\u0142 ucze\u0144 ;<br \/>\nb.\tWsp\u00f3\u0142pracy szko\u0142y  z plac\u00f3wkami opieku\u0144czymi\/ wychowawczymi\/ psychologiczno-pedagogicznymi i innymi wspieraj\u0105cymi uczni\u00f3w w celu zapewnienia im prawid\u0142owej opieki, wychowania i kszta\u0142cenia &#8211; plac\u00f3wka opieku\u0144cza\/ wychowawcza\/ psychologiczno-pedagogiczna i inna wspieraj\u0105ca ucznia;<br \/>\n9.\tW  sprawach  zwi\u0105zanych  z  przetwarzaniem  danych osobowych przez  Administratora danych mo\u017cna kontaktowa\u0107 si\u0119 z wyznaczonym Inspektorem Ochrony Danych:<br \/>\na. za po\u015brednictwem poczty elektronicznej: iod.bfo@edukacja.czestochowa.pl<br \/>\nb. telefonicznie pod numerem 34 370 63 14.<\/p>\n<p>Niniejsza klauzula informacyjna zosta\u0142a sporz\u0105dzona dnia 27.11.2024 r.<br \/>\nKlauzula zosta\u0142a ostatnio poddana przegl\u0105dowi dnia 27.11.2024 r.<\/p>\n","protected":false},"excerpt":{"rendered":"<p>Klauzula informacyjna o przetwarzaniu danych osobowych w III Liceum Og\u00f3lnokszta\u0142c\u0105cym im. dra W\u0142adys\u0142awa. Biega\u0144skiego Realizuj\u0105c wym\u00f3g Rozporz\u0105dzenia Parlamentu Europejskiego i Rady (UE) 2016\/679 z dnia 27 kwietnia 2016 r. w sprawie ochrony os\u00f3b fizycznych w zwi\u0105zku z przetwarzaniem danych osobowych i w sprawie swobodnego przep\u0142ywu takich danych oraz uchylenia dyrektywy 95\/46\/WE (og\u00f3lne rozporz\u0105dzenie o ochronie [&hellip;]<\/p>\n","protected":false},"author":1,"featured_media":553,"parent":0,"menu_order":0,"comment_status":"closed","ping_status":"closed","template":"","meta":{"footnotes":"","_links_to":"","_links_to_target":""},"_links":{"self":[{"href":"http:\/\/lo3msz.czest.pl\/lo3_v6a\/index.php\/wp-json\/wp\/v2\/pages\/861"}],"collection":[{"href":"http:\/\/lo3msz.czest.pl\/lo3_v6a\/index.php\/wp-json\/wp\/v2\/pages"}],"about":[{"href":"http:\/\/lo3msz.czest.pl\/lo3_v6a\/index.php\/wp-json\/wp\/v2\/types\/page"}],"author":[{"embeddable":true,"href":"http:\/\/lo3msz.czest.pl\/lo3_v6a\/index.php\/wp-json\/wp\/v2\/users\/1"}],"replies":[{"embeddable":true,"href":"http:\/\/lo3msz.czest.pl\/lo3_v6a\/index.php\/wp-json\/wp\/v2\/comments?post=861"}],"version-history":[{"count":25,"href":"http:\/\/lo3msz.czest.pl\/lo3_v6a\/index.php\/wp-json\/wp\/v2\/pages\/861\/revisions"}],"predecessor-version":[{"id":6110,"href":"http:\/\/lo3msz.czest.pl\/lo3_v6a\/index.php\/wp-json\/wp\/v2\/pages\/861\/revisions\/6110"}],"wp:featuredmedia":[{"embeddable":true,"href":"http:\/\/lo3msz.czest.pl\/lo3_v6a\/index.php\/wp-json\/wp\/v2\/media\/553"}],"wp:attachment":[{"href":"http:\/\/lo3msz.czest.pl\/lo3_v6a\/index.php\/wp-json\/wp\/v2\/media?parent=861"}],"curies":[{"name":"wp","href":"https:\/\/api.w.org\/{rel}","templated":true}]}}